{"id":15,"date":"2019-10-31T11:31:35","date_gmt":"2019-10-31T10:31:35","guid":{"rendered":"http:\/\/mdstriangle.be\/?page_id=15"},"modified":"2025-12-02T17:23:15","modified_gmt":"2025-12-02T16:23:15","slug":"prise-de-rendez-vous","status":"publish","type":"page","link":"https:\/\/mdstriangle.be\/index.php\/prise-de-rendez-vous\/","title":{"rendered":"Prise de rendez-vous"},"content":{"rendered":"\n<p class=\"has-black-color has-text-color has-link-color has-medium-font-size wp-elements-37def993e8743a7ee2c2ee0b34add491\"><strong>Toutes les consultations se font sur RDV<\/strong> ( M\u00e9decin, Assistantes sociales, Infirmi\u00e8re, Kin\u00e9sith\u00e9rapeute, Psychologue), sauf pour la permanence m\u00e9decin, tous les jours de 16h \u00e0 17h30. <strong>La permanence m\u00e9dicale est r\u00e9serv\u00e9e uniquement pour les urgences du jour<\/strong> e<strong>t pour les patient\u00b7es d\u00e9j\u00e0 inscrit\u00b7es<\/strong>.<\/p>\n\n\n\n<p class=\"has-link-color has-medium-font-size wp-elements-36058d3f66d415e61cd2400badebdc71\">Pour les visites \u00e0 domicile : contactez nous par t\u00e9l\u00e9phone.<\/p>\n\n\n\n<p class=\"has-link-color has-medium-font-size wp-elements-6f78f4d674150a04b7268fa240cfba76\"><strong>Les RDV  Infi, Kin\u00e9, AS et Psy sont r\u00e9serv\u00e9s aux patient\u00b7es inscrit\u00b7es : appelez-nous pour prendre RDV !<\/strong><\/p>\n\n\n\n<p class=\"has-link-color has-medium-font-size wp-elements-83b9a3e31ce2021870cdd8d7193a3658\"><strong>Attention, l&rsquo;inscription  concerne uniquement : les patient\u00b7es de notre zone <\/strong>(Cureghem Bara, Cureghem Ros\u00e9e, Cureghem v\u00e9t\u00e9rinaire \u2013 Marolles, Anneeseens, Stalingrad et Porte de Hal, Gare du midi).<br><strong>Pour voir si vous vivez sur notre zone, entrez votre adresse sur le lien suivant, en bas de la page : <\/strong><a href=\"https:\/\/monitoringdesquartiers.brussels\/#x=145016.77&amp;y=167831.53 \">monitoringdesquartiers.brussels<\/a><\/p>\n\n\n\n<p class=\"has-text-align-center has-white-color has-blush-light-purple-gradient-background has-text-color has-background has-link-color has-large-font-size wp-elements-05d09d0428e82620350eabab12d19623\"><strong> PAR TELEPHONE au 02\/378.12.40  <\/strong>, ou <strong>SUR PLACE<\/strong>, du lundi au vendredi de 8h \u00e0 19h                                                                                               <\/p>\n\n\n\n<p class=\"has-text-align-center has-x-large-font-size\">NOUVEAU !<\/p>\n\n\n\n<p class=\"has-text-align-left has-white-background-color has-background has-medium-font-size\">Vous pouvez prendre RDV EN LIGNE, avec nos m\u00e9decins pour vos besoins m\u00e9dicaux, et avec notre administratrice pour vous inscrire \u00e0 la maison m\u00e9dicale. <br><br><strong>Attention, la prise de RDV m\u00e9dicaux en ligne concerne uniquement : les patient\u00b7es d\u00e9j\u00e0 inscrites, en cours d&rsquo;inscription, ou de notre zone <\/strong>(Cureghem Bara, Cureghem Ros\u00e9e, Cureghem v\u00e9t\u00e9rinaire \u2013 Marolles, Anneeseens, Stalingrad et Porte de Hal, Gare du midi) <strong>pour un premier RDV, ou un d\u00e9pannage exceptionnel .<\/strong><br><br><strong>Pour voir si vous vivez sur notre zone, entrez votre adresse sur le lien suivant, en bas de la page : <\/strong>https:\/\/monitoringdesquartiers.brussels\/#x=145016.77&amp;y=167831.53 <br><br><strong>Vous ne trouvez pas de RDV en ligne ?<\/strong> Appelez nous, seuls certains RDV sont visibles dans l&rsquo;agenda en ligne. <\/p>\n\n\n\n<p class=\"has-black-color has-blush-light-purple-gradient-background has-text-color has-background has-link-color has-medium-font-size wp-elements-cf0ebdf70ae52e860b3731797adfbe46\">&#8211; <strong>EN LIGNE- RDV AVEC UNE MEDECIN : <\/strong><br><br><strong><a href=\"https:\/\/agenda.medispring.be\/tz-mm-anderlecht-triangle-4b500462-6696-4e3b-b267-a0b633aa90be\/c2edab5e-882e-4528-adab-5e882e652896\">Marie COULON ( m\u00e9decin g\u00e9n\u00e9raliste)<\/a> <\/strong><br><br><strong><a href=\"https:\/\/agenda.medispring.be\/tz-mm-anderlecht-triangle-4b500462-6696-4e3b-b267-a0b633aa90be\/54692448-edf6-401e-a924-48edf6a01e86\">C\u00e9cile VANHEUVERZWIJN ( m\u00e9decin g\u00e9n\u00e9raliste) <\/a><\/strong><br><br><strong><a href=\"https:\/\/agenda.medispring.be\/tz-mm-anderlecht-triangle-4b500462-6696-4e3b-b267-a0b633aa90be\/13abc6c2-74ba-4ae0-abc6-c274ba0ae008\">No\u00e9mie GRAILET (m\u00e9decin g\u00e9n\u00e9raliste)<\/a><\/strong><br><br><strong>Juliette S\u00e9verin ( M\u00e9decin g\u00e9n\u00e9raliste )<\/strong><\/p>\n\n\n\n<p class=\"has-medium-font-size\"><\/p>\n\n\n\n<p><\/p>\n\n\n<div class=\"wp-block-image\">\n<figure class=\"aligncenter size-large is-resized\"><img loading=\"lazy\" decoding=\"async\" width=\"349\" height=\"261\" src=\"https:\/\/mdstriangle.be\/wp-content\/uploads\/2021\/02\/equipe.png\" alt=\"\" class=\"wp-image-336\" style=\"width:270px;height:202px\" srcset=\"https:\/\/mdstriangle.be\/wp-content\/uploads\/2021\/02\/equipe.png 349w, https:\/\/mdstriangle.be\/wp-content\/uploads\/2021\/02\/equipe-300x224.png 300w\" sizes=\"(max-width: 349px) 100vw, 349px\" \/><\/figure><\/div>","protected":false},"excerpt":{"rendered":"<p>Toutes les consultations se font sur RDV ( M\u00e9decin, Assistantes sociales, Infirmi\u00e8re, Kin\u00e9sith\u00e9rapeute, Psychologue), sauf pour la permanence m\u00e9decin, tous les jours de 16h \u00e0 17h30. La permanence m\u00e9dicale est r\u00e9serv\u00e9e uniquement pour les urgences du jour et pour les patient\u00b7es d\u00e9j\u00e0 inscrit\u00b7es. Pour les visites \u00e0 domicile : contactez nous par t\u00e9l\u00e9phone. Les RDV &hellip; <\/p>\n<p class=\"link-more\"><a href=\"https:\/\/mdstriangle.be\/index.php\/prise-de-rendez-vous\/\" class=\"more-link\">Continuer la lecture<span class=\"screen-reader-text\"> de &laquo;&nbsp;Prise de rendez-vous&nbsp;&raquo;<\/span><\/a><\/p>\n","protected":false},"author":1,"featured_media":0,"parent":0,"menu_order":0,"comment_status":"closed","ping_status":"closed","template":"","meta":{"footnotes":""},"yoast_head":"<!-- This site is optimized with the Yoast SEO plugin v14.0.4 - https:\/\/yoast.com\/wordpress\/plugins\/seo\/ -->\n<title>Prise de rendez-vous ~ Maison de sant\u00e9 du triangle<\/title>\n<meta name=\"robots\" content=\"index, follow\" \/>\n<meta name=\"googlebot\" content=\"index, follow, max-snippet:-1, max-image-preview:large, max-video-preview:-1\" \/>\n<meta name=\"bingbot\" content=\"index, follow, max-snippet:-1, max-image-preview:large, max-video-preview:-1\" \/>\n<link rel=\"canonical\" href=\"https:\/\/mdstriangle.be\/index.php\/prise-de-rendez-vous\/\" \/>\n<meta property=\"og:locale\" content=\"fr_FR\" \/>\n<meta property=\"og:type\" content=\"article\" \/>\n<meta property=\"og:title\" content=\"Prise de rendez-vous ~ Maison de sant\u00e9 du triangle\" \/>\n<meta property=\"og:description\" content=\"Toutes les consultations se font sur RDV ( M\u00e9decin, Assistantes sociales, Infirmi\u00e8re, Kin\u00e9sith\u00e9rapeute, Psychologue), sauf pour la permanence m\u00e9decin, tous les jours de 16h \u00e0 17h30. La permanence m\u00e9dicale est r\u00e9serv\u00e9e uniquement pour les urgences du jour et pour les patient\u00b7es d\u00e9j\u00e0 inscrit\u00b7es. Pour les visites \u00e0 domicile : contactez nous par t\u00e9l\u00e9phone. Les RDV &hellip; Continuer la lecture de &laquo;&nbsp;Prise de rendez-vous&nbsp;&raquo;\" \/>\n<meta property=\"og:url\" content=\"https:\/\/mdstriangle.be\/index.php\/prise-de-rendez-vous\/\" \/>\n<meta property=\"og:site_name\" content=\"Maison de sant\u00e9 du triangle\" \/>\n<meta property=\"article:modified_time\" content=\"2025-12-02T16:23:15+00:00\" \/>\n<meta property=\"og:image\" content=\"https:\/\/mdstriangle.be\/wp-content\/uploads\/2021\/02\/equipe.png\" \/>\n<meta property=\"fb:app_id\" content=\"2309869772\" \/>\n<meta name=\"twitter:card\" content=\"summary_large_image\" \/>\n<script type=\"application\/ld+json\" class=\"yoast-schema-graph\">{\"@context\":\"https:\/\/schema.org\",\"@graph\":[{\"@type\":[\"Person\",\"Organization\"],\"@id\":\"https:\/\/mdstriangle.be\/#\/schema\/person\/825670ad515867f1b5f932522a54da7f\",\"name\":\"admin4914\",\"image\":{\"@type\":\"ImageObject\",\"@id\":\"https:\/\/mdstriangle.be\/#personlogo\",\"inLanguage\":\"fr-FR\",\"url\":\"https:\/\/secure.gravatar.com\/avatar\/20e99d4d99bb8c8ea18a8cd78611e0c8?s=96&d=mm&r=g\",\"caption\":\"admin4914\"},\"logo\":{\"@id\":\"https:\/\/mdstriangle.be\/#personlogo\"}},{\"@type\":\"WebSite\",\"@id\":\"https:\/\/mdstriangle.be\/#website\",\"url\":\"https:\/\/mdstriangle.be\/\",\"name\":\"Maison de sant\\u00e9 du triangle\",\"description\":\"\",\"publisher\":{\"@id\":\"https:\/\/mdstriangle.be\/#\/schema\/person\/825670ad515867f1b5f932522a54da7f\"},\"potentialAction\":[{\"@type\":\"SearchAction\",\"target\":\"https:\/\/mdstriangle.be\/?s={search_term_string}\",\"query-input\":\"required name=search_term_string\"}],\"inLanguage\":\"fr-FR\"},{\"@type\":\"ImageObject\",\"@id\":\"https:\/\/mdstriangle.be\/index.php\/prise-de-rendez-vous\/#primaryimage\",\"inLanguage\":\"fr-FR\",\"url\":\"https:\/\/mdstriangle.be\/wp-content\/uploads\/2021\/02\/equipe.png\",\"width\":349,\"height\":261},{\"@type\":\"WebPage\",\"@id\":\"https:\/\/mdstriangle.be\/index.php\/prise-de-rendez-vous\/#webpage\",\"url\":\"https:\/\/mdstriangle.be\/index.php\/prise-de-rendez-vous\/\",\"name\":\"Prise de rendez-vous ~ Maison de sant\\u00e9 du triangle\",\"isPartOf\":{\"@id\":\"https:\/\/mdstriangle.be\/#website\"},\"primaryImageOfPage\":{\"@id\":\"https:\/\/mdstriangle.be\/index.php\/prise-de-rendez-vous\/#primaryimage\"},\"datePublished\":\"2019-10-31T10:31:35+00:00\",\"dateModified\":\"2025-12-02T16:23:15+00:00\",\"inLanguage\":\"fr-FR\",\"potentialAction\":[{\"@type\":\"ReadAction\",\"target\":[\"https:\/\/mdstriangle.be\/index.php\/prise-de-rendez-vous\/\"]}]}]}<\/script>\n<!-- \/ Yoast SEO plugin. -->","_links":{"self":[{"href":"https:\/\/mdstriangle.be\/index.php\/wp-json\/wp\/v2\/pages\/15"}],"collection":[{"href":"https:\/\/mdstriangle.be\/index.php\/wp-json\/wp\/v2\/pages"}],"about":[{"href":"https:\/\/mdstriangle.be\/index.php\/wp-json\/wp\/v2\/types\/page"}],"author":[{"embeddable":true,"href":"https:\/\/mdstriangle.be\/index.php\/wp-json\/wp\/v2\/users\/1"}],"replies":[{"embeddable":true,"href":"https:\/\/mdstriangle.be\/index.php\/wp-json\/wp\/v2\/comments?post=15"}],"version-history":[{"count":51,"href":"https:\/\/mdstriangle.be\/index.php\/wp-json\/wp\/v2\/pages\/15\/revisions"}],"predecessor-version":[{"id":710,"href":"https:\/\/mdstriangle.be\/index.php\/wp-json\/wp\/v2\/pages\/15\/revisions\/710"}],"wp:attachment":[{"href":"https:\/\/mdstriangle.be\/index.php\/wp-json\/wp\/v2\/media?parent=15"}],"curies":[{"name":"wp","href":"https:\/\/api.w.org\/{rel}","templated":true}]}}