{"id":220,"date":"2020-05-27T13:44:16","date_gmt":"2020-05-27T11:44:16","guid":{"rendered":"http:\/\/mdstriangle.be\/?page_id=220"},"modified":"2025-01-08T13:53:41","modified_gmt":"2025-01-08T12:53:41","slug":"fonctionnement","status":"publish","type":"page","link":"https:\/\/mdstriangle.be\/index.php\/fonctionnement\/","title":{"rendered":"S&rsquo;inscrire : Nous inscrivons toujours !"},"content":{"rendered":"\n<p class=\"has-white-color has-blush-light-purple-gradient-background has-text-color has-background has-link-color has-large-font-size wp-elements-0b9c61748c0acd36acd865e68c2c2577\">Prenez <strong>RDV : par t\u00e9l\u00e9phone au 02\/378.12.40,<\/strong><br><strong><a href=\"http:\/\/agenda.medispring.be\/tz-mm-anderlecht-triangle-4b500462-6696-4e3b-b267-a0b633aa90be\/ad65db57-3161-43b3-a5db-57316113b340\">En ligne en cliquant sur CE LIEN<\/a>.<\/strong><\/p>\n\n\n\n<p class=\"has-black-color has-text-color has-link-color has-medium-font-size wp-elements-283a18f4838268ad61da52e61bc3ae09\"><strong>Attention, les inscriptions concernent uniquement : les patient\u00b7es  de notre zone\u00a0<\/strong> : Cureghem Bara, Cureghem Ros\u00e9e, Cureghem v\u00e9t\u00e9rinaire \u2013 Marolles, Anneeseens, Stalingrad et Porte de Hal, Gare du midi.<br><strong>Pour voir si vous vivez sur notre zone, entrez votre adresse <a href=\"https:\/\/monitoringdesquartiers.brussels\/\">ICI<\/a>, puis, une fois sur le site, entrez votre adresse au bas de la page.<\/strong><\/p>\n\n\n\n<p class=\"has-black-color has-text-color has-link-color has-medium-font-size wp-elements-ad178e4b398117d6bfcef9646f17078b\"><br><strong>Vous ne trouvez pas de RDV en ligne qui vous conviennent ?<\/strong>\u00a0Appelez nous, nous vous aiderons \u00e0 trouver une solution.<\/p>\n\n\n\n<h2 class=\"wp-block-heading has-large-font-size\">Le Forfait, comment \u00e7a marche ?<\/h2>\n\n\n\n<p class=\"has-medium-font-size\"><strong>Le syst\u00e8me traditionnel et le forfait<\/strong><\/p>\n\n\n\n<p class=\"has-medium-font-size\">Le mode de financement traditionnel des soins de sant\u00e9 est dit : \u00ab\u00a0\u00e0 l\u2019acte\u00a0\u00bb. <br>Il est le plus r\u00e9pandu et consiste \u00e0 payer le prestataire de soins pour ensuite se faire rembourser une partie de ce montant par sa mutuelle.<\/p>\n\n\n\n<p class=\"has-medium-font-size\"><strong>Notre mode de financement est dit : \u00ab\u00a0au forfait\u00a0\u00bb.<\/strong><br><strong> Les patient\u00b7es ne payent plus directement le prestataire de soins: c\u2019est la mutuelle qui verse mensuellement une somme fixe pour couvrir les soins. <\/strong><\/p>\n\n\n\n<p class=\"has-medium-font-size\"><strong>Le forfait peut concerner trois services :<\/strong><\/p>\n\n\n\n<ul>\n<li class=\"has-medium-font-size\"><strong><em>Les soins de m\u00e9decine g\u00e9n\u00e9rale <\/em><\/strong><\/li>\n\n\n\n<li class=\"has-medium-font-size\"><strong><em>Les soins de kin\u00e9sith\u00e9rapie <\/em><\/strong><\/li>\n\n\n\n<li class=\"has-medium-font-size\"><strong><em>Les soins infirmiers <\/em><\/strong><\/li>\n<\/ul>\n\n\n\n<p><\/p>\n\n\n\n<p class=\"has-medium-font-size\">Le montant du forfait vers\u00e9 par votre mutuelle n&rsquo;est pas corr\u00e9l\u00e9 au nombre de soignant\u00b7es de la maison m\u00e9dicale, ni au nombre de RDV que vous aurez pris. Il est ainsi avantageux financi\u00e8rement, et surtout solidaire : chaque personne est soign\u00e9e de la m\u00eame mani\u00e8re et pour le m\u00eame prix peu importe sa situation, son \u00e9tat de sant\u00e9, son besoin de rendez-vous m\u00e9dicaux.<\/p>\n\n\n\n<p class=\"has-medium-font-size\">C\u2019est suite \u00e0 un contrat sign\u00e9 entre le patient, sa mutuelle et la maison m\u00e9dicale que la mutuelle verse le forfait individuel par patient. Le contrat est  individuel et non par famille, et implique un adh\u00e9sion compl\u00e8te aux services forfaitaires de la maison m\u00e9dicale.<\/p>\n\n\n\n<p class=\"has-medium-font-size\"><strong>Les maisons m\u00e9dicales s\u2019engagent au pr\u00e8s des patients :<\/strong><\/p>\n\n\n\n<ul>\n<li class=\"has-medium-font-size\">\u00e0 organiser les consultations et les visites pour r\u00e9pondre aux demandes des patient\u00b7es <\/li>\n\n\n\n<li class=\"has-medium-font-size\">\u00e0 participation au syst\u00e8me de garde<\/li>\n\n\n\n<li class=\"has-medium-font-size\">\u00e0 informer les patient\u00b7s sur leurs probl\u00e8mes de sant\u00e9 ;<\/li>\n\n\n\n<li class=\"has-medium-font-size\">\u00e0 faire b\u00e9n\u00e9ficier tous les patients des actions de m\u00e9decine pr\u00e9ventive et de promotion de la sant\u00e9 que la maison m\u00e9dicale organise ;<\/li>\n\n\n\n<li class=\"has-medium-font-size\">\u00e0 \u00e9tablir et tenir \u00e0 jour un dossier m\u00e9dical global pour tous les patients .<\/li>\n<\/ul>\n\n\n\n<p class=\"has-medium-font-size\"><strong>Les patient\u00b7es inscrit\u00b7es dans une maison m\u00e9dicale au forfait s\u2019engagent :<\/strong><\/p>\n\n\n\n<ul>\n<li class=\"has-medium-font-size\">\u00e0 consulter exclusivement les infirmier\u00b7es, kin\u00e9sith\u00e9rapeutes et m\u00e9decins g\u00e9n\u00e9raliste de leur maison m\u00e9dicale.<\/li>\n\n\n\n<li class=\"has-medium-font-size\">\u00e0 respecter le syst\u00e8me de services mis en place par la maison m\u00e9dicale dans laquelle ils et elles sont inscrites (gardes,\u2026) <\/li>\n\n\n\n<li class=\"has-medium-font-size\">\u00e0 rester en ordre de mutuelle <\/li>\n\n\n\n<li class=\"has-medium-font-size\">\u00e0 informer la maison m\u00e9dicale de tous changements intervenus dans la famille (adresse, t\u00e9l\u00e9phone, mutuelle,\u2026)<\/li>\n<\/ul>\n\n\n\n<p class=\"has-medium-font-size\">Le forfait n\u2019influence en rien les consultations sp\u00e9cialistes (p\u00e9diatre, gyn\u00e9cologue, dentiste, pneumologue,\u2026), les m\u00e9dicaments, les examens de laboratoire et de radiologie, les hospitalisations,\u2026 qui restent \u00e0 charge des patient\u00b7es et de la mutuelle et sont rembours\u00e9s de mani\u00e8re traditionnelle. <\/p>\n\n\n\n<p class=\"has-medium-font-size\"><strong>Les mutuelles s\u2019engagent :<\/strong><\/p>\n\n\n\n<ul>\n<li class=\"has-medium-font-size\">\u00e0 verser aux maisons m\u00e9dicales, chaque mois, le forfait de chaque patient\u00b7e inscrit\u00b7e et en ordre d\u2019assurabilit\u00e9. Suivant certaines conditions, les mutuelles peuvent \u00e9galement mettre fin \u00e0 l\u2019inscription des patients pour motifs administratifs.<\/li>\n<\/ul>\n\n\n\n<p><strong>Le syst\u00e8me forfaitaire est le r\u00e9sultat d\u2019un accord sign\u00e9 en 1982 entre l\u2019INAMI, toutes les mutuelles et certaines maisons m\u00e9dicales<\/strong>. <strong>Pour plus de renseignements :<\/strong><\/p>\n\n\n\n<ul>\n<li class=\"has-medium-font-size\">F\u00e9d\u00e9ration des maisons m\u00e9dicales :<a href=\"https:\/\/www.maisonmedicale.org\/\">&nbsp;https:\/\/www.maisonmedicale.org<\/a><\/li>\n\n\n\n<li class=\"has-medium-font-size\">L\u2019INAMI :&nbsp;<a href=\"hhtp:\/\/www.inami.fgov.be\/care\/fr\/medicalhouse\/index.htm\">hhtp:\/\/www.inami.fgov.be\/care\/fr\/medicalhouse\/index.htm<\/a><\/li>\n<\/ul>\n","protected":false},"excerpt":{"rendered":"<p>Prenez RDV : par t\u00e9l\u00e9phone au 02\/378.12.40,En ligne en cliquant sur CE LIEN. Attention, les inscriptions concernent uniquement : les patient\u00b7es de notre zone\u00a0 : Cureghem Bara, Cureghem Ros\u00e9e, Cureghem v\u00e9t\u00e9rinaire \u2013 Marolles, Anneeseens, Stalingrad et Porte de Hal, Gare du midi.Pour voir si vous vivez sur notre zone, entrez votre adresse ICI, puis, une &hellip; <\/p>\n<p class=\"link-more\"><a href=\"https:\/\/mdstriangle.be\/index.php\/fonctionnement\/\" class=\"more-link\">Continuer la lecture<span class=\"screen-reader-text\"> de &laquo;&nbsp;S&rsquo;inscrire : Nous inscrivons toujours !&nbsp;&raquo;<\/span><\/a><\/p>\n","protected":false},"author":1,"featured_media":0,"parent":0,"menu_order":0,"comment_status":"closed","ping_status":"closed","template":"","meta":{"footnotes":""},"yoast_head":"<!-- This site is optimized with the Yoast SEO plugin v14.0.4 - https:\/\/yoast.com\/wordpress\/plugins\/seo\/ -->\n<title>S&#039;inscrire : Nous inscrivons toujours ! ~ Maison de sant\u00e9 du triangle<\/title>\n<meta name=\"robots\" content=\"index, follow\" \/>\n<meta name=\"googlebot\" content=\"index, follow, max-snippet:-1, max-image-preview:large, max-video-preview:-1\" \/>\n<meta name=\"bingbot\" content=\"index, follow, max-snippet:-1, max-image-preview:large, max-video-preview:-1\" \/>\n<link rel=\"canonical\" href=\"https:\/\/mdstriangle.be\/index.php\/fonctionnement\/\" \/>\n<meta property=\"og:locale\" content=\"fr_FR\" \/>\n<meta property=\"og:type\" content=\"article\" \/>\n<meta property=\"og:title\" content=\"S&#039;inscrire : Nous inscrivons toujours ! ~ Maison de sant\u00e9 du triangle\" \/>\n<meta property=\"og:description\" content=\"Prenez RDV : par t\u00e9l\u00e9phone au 02\/378.12.40,En ligne en cliquant sur CE LIEN. Attention, les inscriptions concernent uniquement : les patient\u00b7es de notre zone\u00a0 : Cureghem Bara, Cureghem Ros\u00e9e, Cureghem v\u00e9t\u00e9rinaire \u2013 Marolles, Anneeseens, Stalingrad et Porte de Hal, Gare du midi.Pour voir si vous vivez sur notre zone, entrez votre adresse ICI, puis, une &hellip; Continuer la lecture de &laquo;&nbsp;S&rsquo;inscrire : Nous inscrivons toujours !&nbsp;&raquo;\" \/>\n<meta property=\"og:url\" content=\"https:\/\/mdstriangle.be\/index.php\/fonctionnement\/\" \/>\n<meta property=\"og:site_name\" content=\"Maison de sant\u00e9 du triangle\" \/>\n<meta property=\"article:modified_time\" content=\"2025-01-08T12:53:41+00:00\" \/>\n<meta property=\"fb:app_id\" content=\"2309869772\" \/>\n<meta name=\"twitter:card\" content=\"summary_large_image\" \/>\n<script type=\"application\/ld+json\" class=\"yoast-schema-graph\">{\"@context\":\"https:\/\/schema.org\",\"@graph\":[{\"@type\":[\"Person\",\"Organization\"],\"@id\":\"https:\/\/mdstriangle.be\/#\/schema\/person\/825670ad515867f1b5f932522a54da7f\",\"name\":\"admin4914\",\"image\":{\"@type\":\"ImageObject\",\"@id\":\"https:\/\/mdstriangle.be\/#personlogo\",\"inLanguage\":\"fr-FR\",\"url\":\"https:\/\/secure.gravatar.com\/avatar\/20e99d4d99bb8c8ea18a8cd78611e0c8?s=96&d=mm&r=g\",\"caption\":\"admin4914\"},\"logo\":{\"@id\":\"https:\/\/mdstriangle.be\/#personlogo\"}},{\"@type\":\"WebSite\",\"@id\":\"https:\/\/mdstriangle.be\/#website\",\"url\":\"https:\/\/mdstriangle.be\/\",\"name\":\"Maison de sant\\u00e9 du triangle\",\"description\":\"\",\"publisher\":{\"@id\":\"https:\/\/mdstriangle.be\/#\/schema\/person\/825670ad515867f1b5f932522a54da7f\"},\"potentialAction\":[{\"@type\":\"SearchAction\",\"target\":\"https:\/\/mdstriangle.be\/?s={search_term_string}\",\"query-input\":\"required name=search_term_string\"}],\"inLanguage\":\"fr-FR\"},{\"@type\":\"WebPage\",\"@id\":\"https:\/\/mdstriangle.be\/index.php\/fonctionnement\/#webpage\",\"url\":\"https:\/\/mdstriangle.be\/index.php\/fonctionnement\/\",\"name\":\"S'inscrire : Nous inscrivons toujours ! ~ Maison de sant\\u00e9 du triangle\",\"isPartOf\":{\"@id\":\"https:\/\/mdstriangle.be\/#website\"},\"datePublished\":\"2020-05-27T11:44:16+00:00\",\"dateModified\":\"2025-01-08T12:53:41+00:00\",\"inLanguage\":\"fr-FR\",\"potentialAction\":[{\"@type\":\"ReadAction\",\"target\":[\"https:\/\/mdstriangle.be\/index.php\/fonctionnement\/\"]}]}]}<\/script>\n<!-- \/ Yoast SEO plugin. -->","_links":{"self":[{"href":"https:\/\/mdstriangle.be\/index.php\/wp-json\/wp\/v2\/pages\/220"}],"collection":[{"href":"https:\/\/mdstriangle.be\/index.php\/wp-json\/wp\/v2\/pages"}],"about":[{"href":"https:\/\/mdstriangle.be\/index.php\/wp-json\/wp\/v2\/types\/page"}],"author":[{"embeddable":true,"href":"https:\/\/mdstriangle.be\/index.php\/wp-json\/wp\/v2\/users\/1"}],"replies":[{"embeddable":true,"href":"https:\/\/mdstriangle.be\/index.php\/wp-json\/wp\/v2\/comments?post=220"}],"version-history":[{"count":11,"href":"https:\/\/mdstriangle.be\/index.php\/wp-json\/wp\/v2\/pages\/220\/revisions"}],"predecessor-version":[{"id":691,"href":"https:\/\/mdstriangle.be\/index.php\/wp-json\/wp\/v2\/pages\/220\/revisions\/691"}],"wp:attachment":[{"href":"https:\/\/mdstriangle.be\/index.php\/wp-json\/wp\/v2\/media?parent=220"}],"curies":[{"name":"wp","href":"https:\/\/api.w.org\/{rel}","templated":true}]}}