{"id":222,"date":"2020-05-27T13:44:17","date_gmt":"2020-05-27T11:44:17","guid":{"rendered":"http:\/\/mdstriangle.be\/?page_id=222"},"modified":"2026-03-02T12:36:56","modified_gmt":"2026-03-02T11:36:56","slug":"acces","status":"publish","type":"page","link":"https:\/\/mdstriangle.be\/index.php\/acces\/","title":{"rendered":"Nous trouver"},"content":{"rendered":"\n<figure class=\"wp-block-image size-large is-resized\"><img loading=\"lazy\" decoding=\"async\" width=\"389\" height=\"567\" src=\"https:\/\/mdstriangle.be\/wp-content\/uploads\/2021\/02\/Capture-3.png\" alt=\"\" class=\"wp-image-330\" style=\"width:453px;height:660px\" srcset=\"https:\/\/mdstriangle.be\/wp-content\/uploads\/2021\/02\/Capture-3.png 389w, https:\/\/mdstriangle.be\/wp-content\/uploads\/2021\/02\/Capture-3-206x300.png 206w\" sizes=\"(max-width: 389px) 100vw, 389px\" \/><\/figure>\n\n\n\n<p class=\"has-medium-font-size\">La maison m\u00e9dicale du Triangle se situe  \u00e0<strong> Rue Lambert Crickx n\u00b019<\/strong>  1\u00b0 \u00e9tage \u00e0 1070 Anderlecht <\/p>\n\n\n\n<p class=\"has-medium-font-size\">Tram : 51, 81, 82, 3 &amp; 4 &#8211; Station Lemonnier <br>M\u00e9tro : Ligne 2&amp;6 &#8211; Gare du Midi <br>5 minutes \u00e0 pied de la Gare du Midi <br>2 minutes \u00e0 pied de la station Lemonnier<\/p>\n\n\n\n<p class=\"has-medium-font-size\"><strong>Horaires<\/strong><br>Nous sommes ouverts de lundi au vendredi 8h \u00e0 19h.<\/p>\n\n\n\n<hr class=\"wp-block-separator has-alpha-channel-opacity\"\/>\n\n\n\n<p class=\"has-medium-font-size\"><strong>Les num\u00e9ros d&rsquo;urgence\u00a0:<\/strong><br>La garde Bruxelloise ( medecin g\u00e9n\u00e9raliste) :  <a href=\"tel:0032022012222\" target=\"_blank\" rel=\"noreferrer noopener\">02 201 22 22<\/a><br>Rue J. de Brouchoven de Bergeyck, 2 &#8211; 1000 Bruxelles<br><br><strong>Les urgences\u00a0:<\/strong><br>Appelez le <strong>112 <\/strong>pour les ambulances et les pompiers.\u00a0<br>Appelez le <strong>1722<\/strong> pour obtenir l&rsquo;aide non urgente des pompiers en cas de temp\u00eate ou d&rsquo;inondations.\u00a0<br>Appelez le <strong>1733<\/strong> pour conna\u00eetre le m\u00e9decin de garde.\u00a0\u00a0\u00a0<br>Appelez le <strong>101<\/strong> pour une assistance polici\u00e8re urgente en Belgique.\u00a0<\/p>\n","protected":false},"excerpt":{"rendered":"<p>La maison m\u00e9dicale du Triangle se situe \u00e0 Rue Lambert Crickx n\u00b019 1\u00b0 \u00e9tage \u00e0 1070 Anderlecht Tram : 51, 81, 82, 3 &amp; 4 &#8211; Station Lemonnier M\u00e9tro : Ligne 2&amp;6 &#8211; Gare du Midi 5 minutes \u00e0 pied de la Gare du Midi 2 minutes \u00e0 pied de la station Lemonnier HorairesNous sommes &hellip; <\/p>\n<p class=\"link-more\"><a href=\"https:\/\/mdstriangle.be\/index.php\/acces\/\" class=\"more-link\">Continuer la lecture<span class=\"screen-reader-text\"> de &laquo;&nbsp;Nous trouver&nbsp;&raquo;<\/span><\/a><\/p>\n","protected":false},"author":1,"featured_media":0,"parent":0,"menu_order":0,"comment_status":"closed","ping_status":"closed","template":"","meta":{"footnotes":""},"yoast_head":"<!-- This site is optimized with the Yoast SEO plugin v14.0.4 - https:\/\/yoast.com\/wordpress\/plugins\/seo\/ -->\n<title>Nous trouver ~ Maison de sant\u00e9 du triangle<\/title>\n<meta name=\"robots\" content=\"index, follow\" \/>\n<meta name=\"googlebot\" content=\"index, follow, max-snippet:-1, max-image-preview:large, max-video-preview:-1\" \/>\n<meta name=\"bingbot\" content=\"index, follow, max-snippet:-1, max-image-preview:large, max-video-preview:-1\" \/>\n<link rel=\"canonical\" href=\"https:\/\/mdstriangle.be\/index.php\/acces\/\" \/>\n<meta property=\"og:locale\" content=\"fr_FR\" \/>\n<meta property=\"og:type\" content=\"article\" \/>\n<meta property=\"og:title\" content=\"Nous trouver ~ Maison de sant\u00e9 du triangle\" \/>\n<meta property=\"og:description\" content=\"La maison m\u00e9dicale du Triangle se situe \u00e0 Rue Lambert Crickx n\u00b019 1\u00b0 \u00e9tage \u00e0 1070 Anderlecht Tram : 51, 81, 82, 3 &amp; 4 &#8211; Station Lemonnier M\u00e9tro : Ligne 2&amp;6 &#8211; Gare du Midi 5 minutes \u00e0 pied de la Gare du Midi 2 minutes \u00e0 pied de la station Lemonnier HorairesNous sommes &hellip; Continuer la lecture de &laquo;&nbsp;Nous trouver&nbsp;&raquo;\" \/>\n<meta property=\"og:url\" content=\"https:\/\/mdstriangle.be\/index.php\/acces\/\" \/>\n<meta property=\"og:site_name\" content=\"Maison de sant\u00e9 du triangle\" \/>\n<meta property=\"article:modified_time\" content=\"2026-03-02T11:36:56+00:00\" \/>\n<meta property=\"og:image\" content=\"https:\/\/mdstriangle.be\/wp-content\/uploads\/2021\/02\/Capture-3.png\" \/>\n<meta property=\"fb:app_id\" content=\"2309869772\" \/>\n<meta name=\"twitter:card\" content=\"summary_large_image\" \/>\n<script type=\"application\/ld+json\" class=\"yoast-schema-graph\">{\"@context\":\"https:\/\/schema.org\",\"@graph\":[{\"@type\":[\"Person\",\"Organization\"],\"@id\":\"https:\/\/mdstriangle.be\/#\/schema\/person\/825670ad515867f1b5f932522a54da7f\",\"name\":\"admin4914\",\"image\":{\"@type\":\"ImageObject\",\"@id\":\"https:\/\/mdstriangle.be\/#personlogo\",\"inLanguage\":\"fr-FR\",\"url\":\"https:\/\/secure.gravatar.com\/avatar\/20e99d4d99bb8c8ea18a8cd78611e0c8?s=96&d=mm&r=g\",\"caption\":\"admin4914\"},\"logo\":{\"@id\":\"https:\/\/mdstriangle.be\/#personlogo\"}},{\"@type\":\"WebSite\",\"@id\":\"https:\/\/mdstriangle.be\/#website\",\"url\":\"https:\/\/mdstriangle.be\/\",\"name\":\"Maison de sant\\u00e9 du triangle\",\"description\":\"\",\"publisher\":{\"@id\":\"https:\/\/mdstriangle.be\/#\/schema\/person\/825670ad515867f1b5f932522a54da7f\"},\"potentialAction\":[{\"@type\":\"SearchAction\",\"target\":\"https:\/\/mdstriangle.be\/?s={search_term_string}\",\"query-input\":\"required name=search_term_string\"}],\"inLanguage\":\"fr-FR\"},{\"@type\":\"ImageObject\",\"@id\":\"https:\/\/mdstriangle.be\/index.php\/acces\/#primaryimage\",\"inLanguage\":\"fr-FR\",\"url\":\"https:\/\/mdstriangle.be\/wp-content\/uploads\/2021\/02\/Capture-3.png\",\"width\":389,\"height\":567},{\"@type\":\"WebPage\",\"@id\":\"https:\/\/mdstriangle.be\/index.php\/acces\/#webpage\",\"url\":\"https:\/\/mdstriangle.be\/index.php\/acces\/\",\"name\":\"Nous trouver ~ Maison de sant\\u00e9 du triangle\",\"isPartOf\":{\"@id\":\"https:\/\/mdstriangle.be\/#website\"},\"primaryImageOfPage\":{\"@id\":\"https:\/\/mdstriangle.be\/index.php\/acces\/#primaryimage\"},\"datePublished\":\"2020-05-27T11:44:17+00:00\",\"dateModified\":\"2026-03-02T11:36:56+00:00\",\"inLanguage\":\"fr-FR\",\"potentialAction\":[{\"@type\":\"ReadAction\",\"target\":[\"https:\/\/mdstriangle.be\/index.php\/acces\/\"]}]}]}<\/script>\n<!-- \/ Yoast SEO plugin. -->","_links":{"self":[{"href":"https:\/\/mdstriangle.be\/index.php\/wp-json\/wp\/v2\/pages\/222"}],"collection":[{"href":"https:\/\/mdstriangle.be\/index.php\/wp-json\/wp\/v2\/pages"}],"about":[{"href":"https:\/\/mdstriangle.be\/index.php\/wp-json\/wp\/v2\/types\/page"}],"author":[{"embeddable":true,"href":"https:\/\/mdstriangle.be\/index.php\/wp-json\/wp\/v2\/users\/1"}],"replies":[{"embeddable":true,"href":"https:\/\/mdstriangle.be\/index.php\/wp-json\/wp\/v2\/comments?post=222"}],"version-history":[{"count":15,"href":"https:\/\/mdstriangle.be\/index.php\/wp-json\/wp\/v2\/pages\/222\/revisions"}],"predecessor-version":[{"id":721,"href":"https:\/\/mdstriangle.be\/index.php\/wp-json\/wp\/v2\/pages\/222\/revisions\/721"}],"wp:attachment":[{"href":"https:\/\/mdstriangle.be\/index.php\/wp-json\/wp\/v2\/media?parent=222"}],"curies":[{"name":"wp","href":"https:\/\/api.w.org\/{rel}","templated":true}]}}