{"id":374,"date":"2021-02-18T17:22:22","date_gmt":"2021-02-18T16:22:22","guid":{"rendered":"http:\/\/mdstriangle.be\/?page_id=374"},"modified":"2021-02-18T17:56:02","modified_gmt":"2021-02-18T16:56:02","slug":"charte-du-patient","status":"publish","type":"page","link":"https:\/\/mdstriangle.be\/index.php\/charte-du-patient\/","title":{"rendered":"Charte du patient"},"content":{"rendered":"\n<p>La Maison de Sant\u00e9 du Triangle veille \u00e0 notre sant\u00e9 et \u00e0 votre bien \u00eatre. <\/p>\n\n\n\n<p>Notre maison de sant\u00e9 est un endroit o\u00f9 on donne diff\u00e9rents soins de sant\u00e9 de premi\u00e8re ligne. Mais nous ne faisons pas que soigner les maladies ou blessures : nous proposons \u00e9galement des activit\u00e9s qui permettent d&rsquo;\u00e9viter la maladie et qui favorisent le bien-\u00eatre physique et mental. Car \u00eatre en bonne sant\u00e9, c&rsquo;est bien plus que ne pas \u00eatre malade !<\/p>\n\n\n\n<p>La maison de Sant\u00e9 du Triangle est ouverte \u00e0 tou.te.s les habitants du quartier. <\/p>\n\n\n\n<p>Le respect, c&rsquo;est essentiel !                                                                                                                                                           A la Maison de Sant\u00e9 du Triangle, chaque personne est accueillie de mani\u00e8re respectueuse et bienveillante. Nous tenons compte de son identit\u00e9 et de ses besoins sp\u00e9cifiques. Cela veut dire que nous accueillons les diff\u00e9rences et ne faisons pas de distinction, quelle que soit l&rsquo;origine, la culture, la religion le genre \/ identit\u00e9 de genre, l&rsquo;orientation sexuelle, l&rsquo;\u00e2ge ou le statut socio-\u00e9conomique de la personne. Les jugements de valeur n&rsquo;ont pas de place ici !<\/p>\n\n\n\n<p><strong>Le respect des autres est la base de toutes les relations dans notre maison de sant\u00e9: aussi bien le respect entre patient.e.s que le respect entre travailleur.euse.s et patient.e.s A la Maison de Sant\u00e9 de Triangle, nous voulons que tout le monde se sente le bienvenu et soit trait\u00e9 avec respect.<\/strong><\/p>\n\n\n\n<p>Pour cela, voici quelques astuces :<\/p>\n\n\n\n<div class=\"wp-block-group\"><div class=\"wp-block-group__inner-container is-layout-flow wp-block-group-is-layout-flow\">\n<div class=\"wp-block-group\"><div class=\"wp-block-group__inner-container is-layout-flow wp-block-group-is-layout-flow\">\n<div class=\"wp-block-group\"><div class=\"wp-block-group__inner-container is-layout-flow wp-block-group-is-layout-flow\">\n<ul><li>Chaque personne a le droit de se faire soigner. Nous comptons sur vous pour \u00eatre aimables et poli.e.s les un.e.s avec les autres. <\/li><li>Les personnes \u00e0 l&rsquo;accueil sont l\u00e0 pour vous aider et elles le font avec plaisir. Malheureusement, elles ne savent pas faire l&rsquo;impossible. si le\/la soignant.e que vous voulez voir n&rsquo;est pas disponible, elles ne peuvent rien y changer. Alors restons aimables.<\/li><li>Les soignant.e.s travaillent sur rendez-vous. Il y a un m\u00e9decin tous les jours de la semaine et il y a des consultations libres le soir. Cette mani\u00e8re de travailler nous permet de limiter les temps d&rsquo;attente et de voir un maximum de personnes. Si vous ne pouvez voir de m\u00e9decin le jour-m\u00eame, attendez le lendemain. Les personnes \u00e0 l&rsquo;accueil et les m\u00e9decins ne peuvent rien y changer. Merci de votre compr\u00e9hension. <\/li><li>Nous comptons sur vous pour respecter les rendez-vous, ou nous pr\u00e9venir si vous ne pouvez pas venir. Ce serait dommage de refuser un.e autre patient.e s&rsquo;il y a encore de la place. <\/li><li>Il est important que le t\u00e9l\u00e9phone soit mis en silencieux durant votre temps pass\u00e9 \u00e0 la maison de sant\u00e9, ceci pour \u00e9viter les interruptions durant votre prise en charge, et la nuisance sonore pour les autres patient.e.s et les travailleur.eus.s.<\/li><\/ul>\n<\/div><\/div>\n<\/div><\/div>\n<\/div><\/div>\n\n\n\n<p>Ces quelques principes nous permettront de bien fonctionner et d&rsquo;aider un maximum e personnes. Si nous constatons un manque de respect envers les travailleur.euse.s ou les autres patient.e.s de la Maison de Sant\u00e9, nous devrons malheureusement arr\u00eater notre collaboration. Nous sommes cependant certain.e.s que nous pouvons compter sur vous ! <\/p>\n","protected":false},"excerpt":{"rendered":"<p>La Maison de Sant\u00e9 du Triangle veille \u00e0 notre sant\u00e9 et \u00e0 votre bien \u00eatre. Notre maison de sant\u00e9 est un endroit o\u00f9 on donne diff\u00e9rents soins de sant\u00e9 de premi\u00e8re ligne. Mais nous ne faisons pas que soigner les maladies ou blessures : nous proposons \u00e9galement des activit\u00e9s qui permettent d&rsquo;\u00e9viter la maladie et &hellip; <\/p>\n<p class=\"link-more\"><a href=\"https:\/\/mdstriangle.be\/index.php\/charte-du-patient\/\" class=\"more-link\">Continuer la lecture<span class=\"screen-reader-text\"> de &laquo;&nbsp;Charte du patient&nbsp;&raquo;<\/span><\/a><\/p>\n","protected":false},"author":1,"featured_media":0,"parent":0,"menu_order":0,"comment_status":"closed","ping_status":"closed","template":"","meta":{"footnotes":""},"yoast_head":"<!-- This site is optimized with the Yoast SEO plugin v14.0.4 - https:\/\/yoast.com\/wordpress\/plugins\/seo\/ -->\n<title>Charte du patient ~ Maison de sant\u00e9 du triangle<\/title>\n<meta name=\"robots\" content=\"index, follow\" \/>\n<meta name=\"googlebot\" content=\"index, follow, max-snippet:-1, max-image-preview:large, max-video-preview:-1\" \/>\n<meta name=\"bingbot\" content=\"index, follow, max-snippet:-1, max-image-preview:large, max-video-preview:-1\" \/>\n<link rel=\"canonical\" href=\"http:\/\/mdstriangle.be\/index.php\/charte-du-patient\/\" \/>\n<meta property=\"og:locale\" content=\"fr_FR\" \/>\n<meta property=\"og:type\" content=\"article\" \/>\n<meta property=\"og:title\" content=\"Charte du patient ~ Maison de sant\u00e9 du triangle\" \/>\n<meta property=\"og:description\" content=\"La Maison de Sant\u00e9 du Triangle veille \u00e0 notre sant\u00e9 et \u00e0 votre bien \u00eatre. Notre maison de sant\u00e9 est un endroit o\u00f9 on donne diff\u00e9rents soins de sant\u00e9 de premi\u00e8re ligne. Mais nous ne faisons pas que soigner les maladies ou blessures : nous proposons \u00e9galement des activit\u00e9s qui permettent d&rsquo;\u00e9viter la maladie et &hellip; Continuer la lecture de &laquo;&nbsp;Charte du patient&nbsp;&raquo;\" \/>\n<meta property=\"og:url\" content=\"http:\/\/mdstriangle.be\/index.php\/charte-du-patient\/\" \/>\n<meta property=\"og:site_name\" content=\"Maison de sant\u00e9 du triangle\" \/>\n<meta property=\"article:modified_time\" content=\"2021-02-18T16:56:02+00:00\" \/>\n<meta property=\"fb:app_id\" content=\"2309869772\" \/>\n<meta name=\"twitter:card\" content=\"summary_large_image\" \/>\n<script type=\"application\/ld+json\" class=\"yoast-schema-graph\">{\"@context\":\"https:\/\/schema.org\",\"@graph\":[{\"@type\":[\"Person\",\"Organization\"],\"@id\":\"https:\/\/mdstriangle.be\/#\/schema\/person\/825670ad515867f1b5f932522a54da7f\",\"name\":\"admin4914\",\"image\":{\"@type\":\"ImageObject\",\"@id\":\"https:\/\/mdstriangle.be\/#personlogo\",\"inLanguage\":\"fr-FR\",\"url\":\"https:\/\/secure.gravatar.com\/avatar\/20e99d4d99bb8c8ea18a8cd78611e0c8?s=96&d=mm&r=g\",\"caption\":\"admin4914\"},\"logo\":{\"@id\":\"https:\/\/mdstriangle.be\/#personlogo\"}},{\"@type\":\"WebSite\",\"@id\":\"https:\/\/mdstriangle.be\/#website\",\"url\":\"https:\/\/mdstriangle.be\/\",\"name\":\"Maison de sant\\u00e9 du triangle\",\"description\":\"\",\"publisher\":{\"@id\":\"https:\/\/mdstriangle.be\/#\/schema\/person\/825670ad515867f1b5f932522a54da7f\"},\"potentialAction\":[{\"@type\":\"SearchAction\",\"target\":\"https:\/\/mdstriangle.be\/?s={search_term_string}\",\"query-input\":\"required name=search_term_string\"}],\"inLanguage\":\"fr-FR\"},{\"@type\":\"WebPage\",\"@id\":\"http:\/\/mdstriangle.be\/index.php\/charte-du-patient\/#webpage\",\"url\":\"http:\/\/mdstriangle.be\/index.php\/charte-du-patient\/\",\"name\":\"Charte du patient ~ Maison de sant\\u00e9 du triangle\",\"isPartOf\":{\"@id\":\"https:\/\/mdstriangle.be\/#website\"},\"datePublished\":\"2021-02-18T16:22:22+00:00\",\"dateModified\":\"2021-02-18T16:56:02+00:00\",\"inLanguage\":\"fr-FR\",\"potentialAction\":[{\"@type\":\"ReadAction\",\"target\":[\"http:\/\/mdstriangle.be\/index.php\/charte-du-patient\/\"]}]}]}<\/script>\n<!-- \/ Yoast SEO plugin. -->","_links":{"self":[{"href":"https:\/\/mdstriangle.be\/index.php\/wp-json\/wp\/v2\/pages\/374"}],"collection":[{"href":"https:\/\/mdstriangle.be\/index.php\/wp-json\/wp\/v2\/pages"}],"about":[{"href":"https:\/\/mdstriangle.be\/index.php\/wp-json\/wp\/v2\/types\/page"}],"author":[{"embeddable":true,"href":"https:\/\/mdstriangle.be\/index.php\/wp-json\/wp\/v2\/users\/1"}],"replies":[{"embeddable":true,"href":"https:\/\/mdstriangle.be\/index.php\/wp-json\/wp\/v2\/comments?post=374"}],"version-history":[{"count":2,"href":"https:\/\/mdstriangle.be\/index.php\/wp-json\/wp\/v2\/pages\/374\/revisions"}],"predecessor-version":[{"id":381,"href":"https:\/\/mdstriangle.be\/index.php\/wp-json\/wp\/v2\/pages\/374\/revisions\/381"}],"wp:attachment":[{"href":"https:\/\/mdstriangle.be\/index.php\/wp-json\/wp\/v2\/media?parent=374"}],"curies":[{"name":"wp","href":"https:\/\/api.w.org\/{rel}","templated":true}]}}